{"id":17248,"date":"2024-05-07T08:55:41","date_gmt":"2024-05-07T06:55:41","guid":{"rendered":"https:\/\/www.grigioalpina.it\/anpaarungsempfehlungen\/"},"modified":"2024-06-25T14:00:37","modified_gmt":"2024-06-25T12:00:37","slug":"anpaarungsempfehlungen","status":"publish","type":"page","link":"https:\/\/www.grigioalpina.it\/de\/anpaarungsempfehlungen\/","title":{"rendered":"ANPAARUNGSEMPFEHLUNGEN"},"content":{"rendered":"\t\t<div data-elementor-type=\"wp-page\" data-elementor-id=\"17248\" class=\"elementor elementor-17248 elementor-36\" data-elementor-post-type=\"page\">\n\t\t\t\t<div class=\"elementor-element elementor-element-78aea35 e-flex e-con-boxed e-con e-parent\" data-id=\"78aea35\" data-element_type=\"container\" data-e-type=\"container\">\n\t\t\t\t\t<div class=\"e-con-inner\">\n\t\t<div class=\"elementor-element elementor-element-973cf71 e-flex e-con-boxed e-con e-child\" data-id=\"973cf71\" data-element_type=\"container\" data-e-type=\"container\">\n\t\t\t\t\t<div class=\"e-con-inner\">\n\t\t\t\t<div class=\"elementor-element elementor-element-3ecd291 elementor-widget elementor-widget-spacer\" data-id=\"3ecd291\" data-element_type=\"widget\" data-e-type=\"widget\" data-widget_type=\"spacer.default\">\n\t\t\t\t<div class=\"elementor-widget-container\">\n\t\t\t\t\t\t\t<div class=\"elementor-spacer\">\n\t\t\t<div class=\"elementor-spacer-inner\"><\/div>\n\t\t<\/div>\n\t\t\t\t\t\t<\/div>\n\t\t\t\t<\/div>\n\t\t\t\t<div class=\"elementor-element elementor-element-97d2e7e elementor-widget elementor-widget-heading\" data-id=\"97d2e7e\" data-element_type=\"widget\" data-e-type=\"widget\" data-widget_type=\"heading.default\">\n\t\t\t\t<div class=\"elementor-widget-container\">\n\t\t\t\t\t<h2 class=\"elementor-heading-title elementor-size-default\">ANPAARUNGSEMPFEHLUNGEN<\/h2>\t\t\t\t<\/div>\n\t\t\t\t<\/div>\n\t\t\t\t<div class=\"elementor-element elementor-element-2098814 elementor-widget elementor-widget-spacer\" data-id=\"2098814\" data-element_type=\"widget\" data-e-type=\"widget\" data-widget_type=\"spacer.default\">\n\t\t\t\t<div class=\"elementor-widget-container\">\n\t\t\t\t\t\t\t<div class=\"elementor-spacer\">\n\t\t\t<div class=\"elementor-spacer-inner\"><\/div>\n\t\t<\/div>\n\t\t\t\t\t\t<\/div>\n\t\t\t\t<\/div>\n\t\t\t\t<div class=\"elementor-element elementor-element-5ea726d elementor-widget elementor-widget-text-editor\" data-id=\"5ea726d\" data-element_type=\"widget\" data-e-type=\"widget\" data-widget_type=\"text-editor.default\">\n\t\t\t\t<div class=\"elementor-widget-container\">\n\t\t\t\t\t\t\t\t\t<p>Strategie zur optimierten Anpaarung von Herdebuchtieren der Rassen Grauvieh, Pinzgauer und Pustertaler Sprinzen.<br>Der Nationalverband der Grauviehz\u00fcchter teilt mit, dass den Z\u00fcchtern und Z\u00fcchterinnen ein neues Instrument zur Optimierung der Anpaarungen ihrer Herdentiere zur Verf\u00fcgung steht. &nbsp;<\/p>\n<p>Die Daten sind \u00fcber einen reservierten Zugriff abrufbar.<\/p>\t\t\t\t\t\t\t\t<\/div>\n\t\t\t\t<\/div>\n\t\t\t\t<div class=\"elementor-element elementor-element-10844ec elementor-widget elementor-widget-spacer\" data-id=\"10844ec\" data-element_type=\"widget\" data-e-type=\"widget\" data-widget_type=\"spacer.default\">\n\t\t\t\t<div class=\"elementor-widget-container\">\n\t\t\t\t\t\t\t<div class=\"elementor-spacer\">\n\t\t\t<div class=\"elementor-spacer-inner\"><\/div>\n\t\t<\/div>\n\t\t\t\t\t\t<\/div>\n\t\t\t\t<\/div>\n\t\t\t\t<div class=\"elementor-element elementor-element-663286e elementor-widget elementor-widget-button\" data-id=\"663286e\" data-element_type=\"widget\" data-e-type=\"widget\" data-widget_type=\"button.default\">\n\t\t\t\t<div class=\"elementor-widget-container\">\n\t\t\t\t\t\t\t\t\t<div class=\"elementor-button-wrapper\">\n\t\t\t\t\t<a class=\"elementor-button elementor-button-link elementor-size-sm\" href=\"https:\/\/www.grigioalpina.it\/wp-admin\/\">\n\t\t\t\t\t\t<span class=\"elementor-button-content-wrapper\">\n\t\t\t\t\t\t\t\t\t<span class=\"elementor-button-text\">Anmeldung<\/span>\n\t\t\t\t\t<\/span>\n\t\t\t\t\t<\/a>\n\t\t\t\t<\/div>\n\t\t\t\t\t\t\t\t<\/div>\n\t\t\t\t<\/div>\n\t\t\t\t\t<\/div>\n\t\t\t\t<\/div>\n\t\t\t\t\t<\/div>\n\t\t\t\t<\/div>\n\t\t<div class=\"elementor-element elementor-element-9ab34a1 e-flex e-con-boxed e-con e-parent\" data-id=\"9ab34a1\" data-element_type=\"container\" data-e-type=\"container\">\n\t\t\t\t\t<div class=\"e-con-inner\">\n\t\t\t\t<div class=\"elementor-element elementor-element-b074cfc elementor-widget elementor-widget-spacer\" data-id=\"b074cfc\" data-element_type=\"widget\" data-e-type=\"widget\" data-widget_type=\"spacer.default\">\n\t\t\t\t<div class=\"elementor-widget-container\">\n\t\t\t\t\t\t\t<div class=\"elementor-spacer\">\n\t\t\t<div class=\"elementor-spacer-inner\"><\/div>\n\t\t<\/div>\n\t\t\t\t\t\t<\/div>\n\t\t\t\t<\/div>\n\t\t\t\t\t<\/div>\n\t\t\t\t<\/div>\n\t\t\t\t<\/div>\n\t\t","protected":false},"excerpt":{"rendered":"<p>ANPAARUNGSEMPFEHLUNGEN Strategie zur optimierten Anpaarung von Herdebuchtieren der Rassen Grauvieh, Pinzgauer und Pustertaler Sprinzen.Der Nationalverband der Grauviehz\u00fcchter teilt mit, dass den Z\u00fcchtern und Z\u00fcchterinnen ein neues Instrument zur Optimierung der&hellip;<\/p>\n","protected":false},"author":1,"featured_media":0,"parent":0,"menu_order":0,"comment_status":"closed","ping_status":"closed","template":"","meta":{"footnotes":""},"class_list":["post-17248","page","type-page","status-publish","hentry"],"_links":{"self":[{"href":"https:\/\/www.grigioalpina.it\/de\/wp-json\/wp\/v2\/pages\/17248","targetHints":{"allow":["GET"]}}],"collection":[{"href":"https:\/\/www.grigioalpina.it\/de\/wp-json\/wp\/v2\/pages"}],"about":[{"href":"https:\/\/www.grigioalpina.it\/de\/wp-json\/wp\/v2\/types\/page"}],"author":[{"embeddable":true,"href":"https:\/\/www.grigioalpina.it\/de\/wp-json\/wp\/v2\/users\/1"}],"replies":[{"embeddable":true,"href":"https:\/\/www.grigioalpina.it\/de\/wp-json\/wp\/v2\/comments?post=17248"}],"version-history":[{"count":6,"href":"https:\/\/www.grigioalpina.it\/de\/wp-json\/wp\/v2\/pages\/17248\/revisions"}],"predecessor-version":[{"id":19290,"href":"https:\/\/www.grigioalpina.it\/de\/wp-json\/wp\/v2\/pages\/17248\/revisions\/19290"}],"wp:attachment":[{"href":"https:\/\/www.grigioalpina.it\/de\/wp-json\/wp\/v2\/media?parent=17248"}],"curies":[{"name":"wp","href":"https:\/\/api.w.org\/{rel}","templated":true}]}}