{"id":17301,"date":"2024-05-07T08:48:18","date_gmt":"2024-05-07T06:48:18","guid":{"rendered":"https:\/\/www.grigioalpina.it\/ueber-uns\/"},"modified":"2024-06-25T14:12:53","modified_gmt":"2024-06-25T12:12:53","slug":"ueber-uns","status":"publish","type":"page","link":"https:\/\/www.grigioalpina.it\/de\/ueber-uns\/","title":{"rendered":"\u00dcber uns"},"content":{"rendered":"\t\t<div data-elementor-type=\"wp-page\" data-elementor-id=\"17301\" class=\"elementor elementor-17301 elementor-22\" data-elementor-post-type=\"page\">\n\t\t\t\t<div class=\"elementor-element elementor-element-d9c339d e-flex e-con-boxed e-con e-parent\" data-id=\"d9c339d\" data-element_type=\"container\" data-e-type=\"container\">\n\t\t\t\t\t<div class=\"e-con-inner\">\n\t\t\t\t<div class=\"elementor-element elementor-element-7cfd560 elementor-widget elementor-widget-spacer\" data-id=\"7cfd560\" data-element_type=\"widget\" data-e-type=\"widget\" data-widget_type=\"spacer.default\">\n\t\t\t\t<div class=\"elementor-widget-container\">\n\t\t\t\t\t\t\t<div class=\"elementor-spacer\">\n\t\t\t<div class=\"elementor-spacer-inner\"><\/div>\n\t\t<\/div>\n\t\t\t\t\t\t<\/div>\n\t\t\t\t<\/div>\n\t\t\t\t<div class=\"elementor-element elementor-element-96541f4 elementor-widget elementor-widget-heading\" data-id=\"96541f4\" data-element_type=\"widget\" data-e-type=\"widget\" data-widget_type=\"heading.default\">\n\t\t\t\t<div class=\"elementor-widget-container\">\n\t\t\t\t\t<h2 class=\"elementor-heading-title elementor-size-default\">Die Nationale Vereinigung der Z\u00fcchter von Alpinen Grauvieh<\/h2>\t\t\t\t<\/div>\n\t\t\t\t<\/div>\n\t\t\t\t<div class=\"elementor-element elementor-element-fe857d2 elementor-widget elementor-widget-spacer\" data-id=\"fe857d2\" data-element_type=\"widget\" data-e-type=\"widget\" data-widget_type=\"spacer.default\">\n\t\t\t\t<div class=\"elementor-widget-container\">\n\t\t\t\t\t\t\t<div class=\"elementor-spacer\">\n\t\t\t<div class=\"elementor-spacer-inner\"><\/div>\n\t\t<\/div>\n\t\t\t\t\t\t<\/div>\n\t\t\t\t<\/div>\n\t\t\t\t<div class=\"elementor-element elementor-element-4d36ba8 elementor-widget elementor-widget-text-editor\" data-id=\"4d36ba8\" data-element_type=\"widget\" data-e-type=\"widget\" data-widget_type=\"text-editor.default\">\n\t\t\t\t<div class=\"elementor-widget-container\">\n\t\t\t\t\t\t\t\t\t<p>Die Nationale Vereinigung der Z\u00fcchter von Alpinen Grauvieh &#8211; ANAGA &#8211; wurde am 19. Juni 1980 gegr\u00fcndet. Die Anerkennung der Rechtspers\u00f6nlichkeit erfolgte im Jahr 1985 durch das Pr\u00e4sidialdekret Nr. 922 vom 28. Juni 1985 und ver\u00f6ffentlicht im Amtsblatt Nr. 87 vom 15.04.1986. Mit der Umstrukturierung des italienischen Viehwirtschaftssystems wurde ANAGA im Jahr 2019 zu einem Verband ersten Ranges. Der Verband f\u00fchrt seine Auswahlaktivit\u00e4ten im ganzen Land durch.<\/p>\n<p>Die organisierte Zucht des Grigio Alpina geht auf die 1940er Jahre zur\u00fcck, als die ersten Zuchtvereine gegr\u00fcndet wurden. Sie verwalteten die Zucht und den Einsatz von Zuchtbullen auf lokaler Ebene. Im Jahr 1949 wurde in Bozen der S\u00fcdtiroler Verband der Grauviehz\u00fcchter gegr\u00fcndet und in den 1950er Jahren der Landesverband der Z\u00fcchter in Trient. Sie koordinierten die Kontrollen der Milchproduktion und den Einsatz von Zuchtbullen auf Provinzebene.<br \/>Am 28. September 1981 erteilte der Minister f\u00fcr Land- und Forstwirtschaft die offizielle Anerkennung des Stammbuchs der Rasse Grigio Alpina, das somit zum Nationalen Stammbuch wurde und zun\u00e4chst der Verwaltung des italienischen Z\u00fcchterverbandes anvertraut war.<br \/>Mit der rechtlichen Anerkennung der Nationalen Vereinigung im Jahr 1985 und der damit verbundenen \u00dcbertragung der Verwaltung des Nationalen Genealogischen Buches begann die ANAGA ihre T\u00e4tigkeit mit der Einrichtung des Zentralb\u00fcros in Bozen im Jahr 1986 und der Entwicklung eines eigenen Auswahlprogramms.<\/p>\n\t\t\t\t\t\t\t\t<\/div>\n\t\t\t\t<\/div>\n\t\t\t\t<div class=\"elementor-element elementor-element-da54276 elementor-widget elementor-widget-spacer\" data-id=\"da54276\" data-element_type=\"widget\" data-e-type=\"widget\" data-widget_type=\"spacer.default\">\n\t\t\t\t<div class=\"elementor-widget-container\">\n\t\t\t\t\t\t\t<div class=\"elementor-spacer\">\n\t\t\t<div class=\"elementor-spacer-inner\"><\/div>\n\t\t<\/div>\n\t\t\t\t\t\t<\/div>\n\t\t\t\t<\/div>\n\t\t\t\t<div class=\"elementor-element elementor-element-3ee7968 elementor-widget elementor-widget-heading\" data-id=\"3ee7968\" data-element_type=\"widget\" data-e-type=\"widget\" data-widget_type=\"heading.default\">\n\t\t\t\t<div class=\"elementor-widget-container\">\n\t\t\t\t\t<h2 class=\"elementor-heading-title elementor-size-default\">\u00dcbertragung der genetischen Programme der Rinderrassen Pinzgauer und Pustertaler Sprinzen\/Bar\u00e0 auf ANAGA<\/h2>\t\t\t\t<\/div>\n\t\t\t\t<\/div>\n\t\t\t\t<div class=\"elementor-element elementor-element-c6419b0 elementor-widget elementor-widget-spacer\" data-id=\"c6419b0\" data-element_type=\"widget\" data-e-type=\"widget\" data-widget_type=\"spacer.default\">\n\t\t\t\t<div class=\"elementor-widget-container\">\n\t\t\t\t\t\t\t<div class=\"elementor-spacer\">\n\t\t\t<div class=\"elementor-spacer-inner\"><\/div>\n\t\t<\/div>\n\t\t\t\t\t\t<\/div>\n\t\t\t\t<\/div>\n\t\t\t\t<div class=\"elementor-element elementor-element-09da67e elementor-widget elementor-widget-text-editor\" data-id=\"09da67e\" data-element_type=\"widget\" data-e-type=\"widget\" data-widget_type=\"text-editor.default\">\n\t\t\t\t<div class=\"elementor-widget-container\">\n\t\t\t\t\t\t\t\t\t<p>Das Ministerium f\u00fcr Landwirtschafts-, Ern\u00e4hrungs- und Forstpolitik hat der Associazione Nazionale Allevatori Bovini Razza Grigio Alpina (ANAGA) per Ministerialdekret Nr. 38679 vom 04.12.2019 das Genetische Programm und die Verwaltung des Herdbuchs f\u00fcr das Pinzgauer Rind, genehmigt durch den Ministerialerlass Nr. 25036 vom 25. November 2011, und DM Nr. 38677 vom 0.12.2019 das Genetische Programm f\u00fcr die Rinderrasse Pustertaler Sprinzen\/Bar\u00e0, die zu den einheimischen Rassen mit begrenzter Verbreitung im Rahmen des durch den Ministerialerlass Nr. 17539 vom 18. April 2019.<\/p>\n\t\t\t\t\t\t\t\t<\/div>\n\t\t\t\t<\/div>\n\t\t\t\t<div class=\"elementor-element elementor-element-02a14e9 elementor-widget elementor-widget-spacer\" data-id=\"02a14e9\" data-element_type=\"widget\" data-e-type=\"widget\" data-widget_type=\"spacer.default\">\n\t\t\t\t<div class=\"elementor-widget-container\">\n\t\t\t\t\t\t\t<div class=\"elementor-spacer\">\n\t\t\t<div class=\"elementor-spacer-inner\"><\/div>\n\t\t<\/div>\n\t\t\t\t\t\t<\/div>\n\t\t\t\t<\/div>\n\t\t\t\t\t<\/div>\n\t\t\t\t<\/div>\n\t\t\t\t<\/div>\n\t\t","protected":false},"excerpt":{"rendered":"<p>Die Nationale Vereinigung der Z\u00fcchter von Alpinen Grauvieh Die Nationale Vereinigung der Z\u00fcchter von Alpinen Grauvieh &#8211; ANAGA &#8211; wurde am 19. Juni 1980 gegr\u00fcndet. Die Anerkennung der Rechtspers\u00f6nlichkeit erfolgte&hellip;<\/p>\n","protected":false},"author":1,"featured_media":0,"parent":0,"menu_order":0,"comment_status":"closed","ping_status":"closed","template":"","meta":{"footnotes":""},"class_list":["post-17301","page","type-page","status-publish","hentry"],"_links":{"self":[{"href":"https:\/\/www.grigioalpina.it\/de\/wp-json\/wp\/v2\/pages\/17301","targetHints":{"allow":["GET"]}}],"collection":[{"href":"https:\/\/www.grigioalpina.it\/de\/wp-json\/wp\/v2\/pages"}],"about":[{"href":"https:\/\/www.grigioalpina.it\/de\/wp-json\/wp\/v2\/types\/page"}],"author":[{"embeddable":true,"href":"https:\/\/www.grigioalpina.it\/de\/wp-json\/wp\/v2\/users\/1"}],"replies":[{"embeddable":true,"href":"https:\/\/www.grigioalpina.it\/de\/wp-json\/wp\/v2\/comments?post=17301"}],"version-history":[{"count":4,"href":"https:\/\/www.grigioalpina.it\/de\/wp-json\/wp\/v2\/pages\/17301\/revisions"}],"predecessor-version":[{"id":19297,"href":"https:\/\/www.grigioalpina.it\/de\/wp-json\/wp\/v2\/pages\/17301\/revisions\/19297"}],"wp:attachment":[{"href":"https:\/\/www.grigioalpina.it\/de\/wp-json\/wp\/v2\/media?parent=17301"}],"curies":[{"name":"wp","href":"https:\/\/api.w.org\/{rel}","templated":true}]}}