{"id":18070,"date":"2024-05-07T09:06:47","date_gmt":"2024-05-07T07:06:47","guid":{"rendered":"https:\/\/www.grigioalpina.it\/phase-1\/"},"modified":"2024-06-25T13:49:36","modified_gmt":"2024-06-25T11:49:36","slug":"phase-1","status":"publish","type":"page","link":"https:\/\/www.grigioalpina.it\/de\/phase-1\/","title":{"rendered":"Dual Breeding Projekt Phase 1"},"content":{"rendered":"\t\t<div data-elementor-type=\"wp-page\" data-elementor-id=\"18070\" class=\"elementor elementor-18070 elementor-62\" data-elementor-post-type=\"page\">\n\t\t\t\t<div class=\"elementor-element elementor-element-8d7d06c e-flex e-con-boxed e-con e-parent\" data-id=\"8d7d06c\" data-element_type=\"container\" data-e-type=\"container\">\n\t\t\t\t\t<div class=\"e-con-inner\">\n\t\t\t\t<div class=\"elementor-element elementor-element-e335b03 elementor-widget elementor-widget-template\" data-id=\"e335b03\" data-element_type=\"widget\" data-e-type=\"widget\" data-widget_type=\"template.default\">\n\t\t\t\t<div class=\"elementor-widget-container\">\n\t\t\t\t\t\t\t<div class=\"elementor-template\">\n\t\t\t\t\t<div data-elementor-type=\"container\" data-elementor-id=\"18616\" class=\"elementor elementor-18616\" data-elementor-post-type=\"elementor_library\">\n\t\t\t\t<div class=\"elementor-element elementor-element-9eb0184 e-flex e-con-boxed e-con e-parent\" data-id=\"9eb0184\" data-element_type=\"container\" data-e-type=\"container\">\n\t\t\t\t\t<div class=\"e-con-inner\">\n\t\t\t\t<div class=\"elementor-element elementor-element-2e7c5ff elementor-widget elementor-widget-image\" data-id=\"2e7c5ff\" data-element_type=\"widget\" data-e-type=\"widget\" data-widget_type=\"image.default\">\n\t\t\t\t<div class=\"elementor-widget-container\">\n\t\t\t\t\t\t\t\t\t\t\t\t\t\t\t\t<a href=\"http:\/\/www.dualbreeding.com\/it\/\">\n\t\t\t\t\t\t\t<img fetchpriority=\"high\" decoding=\"async\" width=\"308\" height=\"230\" src=\"https:\/\/www.grigioalpina.it\/wp-content\/uploads\/2024\/05\/dualbreeding.png\" class=\"attachment-large size-large wp-image-17892\" alt=\"\" srcset=\"https:\/\/www.grigioalpina.it\/wp-content\/uploads\/2024\/05\/dualbreeding.png 308w, https:\/\/www.grigioalpina.it\/wp-content\/uploads\/2024\/05\/dualbreeding-300x224.png 300w\" sizes=\"(max-width: 308px) 100vw, 308px\" \/>\t\t\t\t\t\t\t\t<\/a>\n\t\t\t\t\t\t\t\t\t\t\t\t\t\t\t<\/div>\n\t\t\t\t<\/div>\n\t\t\t\t\t<\/div>\n\t\t\t\t<\/div>\n\t\t\t\t<\/div>\n\t\t\t\t<\/div>\n\t\t\t\t\t\t<\/div>\n\t\t\t\t<\/div>\n\t\t\t\t\t<\/div>\n\t\t\t\t<\/div>\n\t\t<div class=\"elementor-element elementor-element-38e5367 e-flex e-con-boxed e-con e-parent\" data-id=\"38e5367\" data-element_type=\"container\" data-e-type=\"container\">\n\t\t\t\t\t<div class=\"e-con-inner\">\n\t\t\t\t<div class=\"elementor-element elementor-element-5ecf5f5 elementor-widget elementor-widget-spacer\" data-id=\"5ecf5f5\" data-element_type=\"widget\" data-e-type=\"widget\" data-widget_type=\"spacer.default\">\n\t\t\t\t<div class=\"elementor-widget-container\">\n\t\t\t\t\t\t\t<div class=\"elementor-spacer\">\n\t\t\t<div class=\"elementor-spacer-inner\"><\/div>\n\t\t<\/div>\n\t\t\t\t\t\t<\/div>\n\t\t\t\t<\/div>\n\t\t\t\t<div class=\"elementor-element elementor-element-87359dc elementor-widget elementor-widget-heading\" data-id=\"87359dc\" data-element_type=\"widget\" data-e-type=\"widget\" data-widget_type=\"heading.default\">\n\t\t\t\t<div class=\"elementor-widget-container\">\n\t\t\t\t\t<h2 class=\"elementor-heading-title elementor-size-default\">Das Dual Breeding Projekt<\/h2>\t\t\t\t<\/div>\n\t\t\t\t<\/div>\n\t\t\t\t\t<\/div>\n\t\t\t\t<\/div>\n\t\t<div class=\"elementor-element elementor-element-a7862f3 e-flex e-con-boxed e-con e-parent\" data-id=\"a7862f3\" data-element_type=\"container\" data-e-type=\"container\">\n\t\t\t\t\t<div class=\"e-con-inner\">\n\t\t\t\t<div class=\"elementor-element elementor-element-abcf57a elementor-widget elementor-widget-spacer\" data-id=\"abcf57a\" data-element_type=\"widget\" data-e-type=\"widget\" data-widget_type=\"spacer.default\">\n\t\t\t\t<div class=\"elementor-widget-container\">\n\t\t\t\t\t\t\t<div class=\"elementor-spacer\">\n\t\t\t<div class=\"elementor-spacer-inner\"><\/div>\n\t\t<\/div>\n\t\t\t\t\t\t<\/div>\n\t\t\t\t<\/div>\n\t\t\t\t<div class=\"elementor-element elementor-element-612a04d elementor-widget elementor-widget-text-editor\" data-id=\"612a04d\" data-element_type=\"widget\" data-e-type=\"widget\" data-widget_type=\"text-editor.default\">\n\t\t\t\t<div class=\"elementor-widget-container\">\n\t\t\t\t\t\t\t\t\t<section class=\"av_textblock_section \">\n<div class=\"avia_textblock \">\n<h4><strong>Die Zwei-Zweck-Rinderrassen: <\/strong><\/h4>\n<p><strong>Ein alternatives Modell der nachhaltigen Tierhaltung<\/strong><\/p>\n<\/p>\n<\/div>\n<\/section>\n<section class=\"av_textblock_section \">\n<div class=\"avia_textblock \">\n<p>Zweinutzungsrassen eignen sich besonders f\u00fcr die Zucht in Systemen mit geringer Umweltbelastung, vor allem in Gebieten, in denen die Viehzucht nicht nur eine wirtschaftliche Aktivit\u00e4t ist, sondern auch eine soziale und \u00f6kologische Funktion erf\u00fcllt. Au\u00dferdem eignen sich diese Rassen aufgrund ihrer Rustikalit\u00e4t, Krankheitsresistenz, Fruchtbarkeit usw. auch f\u00fcr die \u00f6kologische Zucht. Es ist jedoch notwendig, diese wertvollen, der Rasse innewohnenden Eigenschaften hervorzuheben, indem verschiedene Selektionsinstrumente bereitgestellt werden, die sich auf Aspekte der Tiergesundheit und Umweltemissionen konzentrieren.<br \/>Das Wohlergehen der Tiere muss ein Ziel sein, das durch die Anwendung von Zuchttechniken verfolgt wird, die die Tiere so weit wie m\u00f6glich schonen, aber auch durch selektive Entscheidungen, die zur Auswahl von Tieren f\u00fchren, die eine bemerkenswerte Anpassungsf\u00e4higkeit und Stressresistenz aufweisen.<br \/>Was die Verringerung der Umweltauswirkungen betrifft, so weisen einige Studien darauf hin, dass die Zucht von Zweinutzungsrassen dazu f\u00fchren w\u00fcrde, dass bei gleicher Milch- und Fleischproduktion weniger Tiere als bei spezialisierten Rassen gehalten werden m\u00fcssten, was wiederum zu einer Einsparung von Umweltressourcen und einer geringeren Verschmutzung durch Viehabf\u00e4lle und Treibhausgase f\u00fchren w\u00fcrde. An sich stellt die Zweinutzungsauswahl also ein indirektes System zur Verringerung der Belastung der Tiere pro erzeugter Produkteinheit (Milch und Fleisch) und folglich auch zur Verringerung der Umweltbelastung dar.<br \/>Ein weiterer entscheidender Schritt ist die Langlebigkeit der Tiere auf dem Hof, die durch bessere Zuchtbedingungen, aber auch durch die Auswahl von Rindern nach Aspekten, die mit der L\u00e4nge ihrer produktiven Karriere zusammenh\u00e4ngen, erh\u00f6ht werden kann. Eine h\u00f6here Langlebigkeit f\u00fchrt zu einem geringeren Bedarf an Aufzucht, d.h. es m\u00fcssen weniger Tiere gez\u00fcchtet werden. Dar\u00fcber hinaus f\u00fchren Tiere, die in der Lage sind, sich an unterschiedliche Zuchtbedingungen anzupassen, die fruchtbar und resistent gegen Krankheiten sind oder sich anderweitig kurzfristig erholen k\u00f6nnen, nicht nur zu einer l\u00e4ngeren Lebensdauer der Tiere, sondern auch zu einem geringeren Einsatz von Medikamenten (insbesondere Antibiotika). Die Langlebigkeit sollte daher als prim\u00e4res Ziel verfolgt werden, indem neue Indizes wie Fruchtbarkeit, Laktationsdauer, direkte Langlebigkeit, Mastitis-Index usw. definiert werden; diese Informationen w\u00fcrden zu den bereits erstellten Indizes wie Funktionsmorphologie und Melkbarkeit hinzugef\u00fcgt werden.<\/p>\n<\/p>\n<\/div>\n<\/section>\n<section class=\"av_textblock_section \">\n<div class=\"avia_textblock \">\n<p><strong>Die beteiligten nationalen Verb\u00e4nde<\/strong><\/p>\n<\/p>\n<\/div>\n<\/section>\n<section class=\"av_textblock_section \">\n<div class=\"avia_textblock \">\n<p>Die nationalen Verb\u00e4nde der Rassen Pezzata Rossa Italiana (ANAPRI), Grigio Alpina (ANAGA), Rendena (ANARE), Reggiana (ANABORARE) und Valdostana (ANABORAVA) haben sich zu einem gemeinsamen Projekt namens &#8218;DUAL BREEDING&#8216; zusammengeschlossen. Das Projekt umfasst insgesamt 16 Zweinutzungsrassen von Val d&#8217;Aosta bis Sizilien und wird vom Europ\u00e4ischen Landwirtschaftsfonds f\u00fcr die Entwicklung des l\u00e4ndlichen Raums (Verwaltungsbeh\u00f6rde: MiPAAF) im Rahmen des Nationalen Programms f\u00fcr die Entwicklung des l\u00e4ndlichen Raums &#8211; Unterma\u00dfnahme 10.2 &#8211; finanziert.<\/p>\n<\/div>\n<\/section>\n\t\t\t\t\t\t\t\t<\/div>\n\t\t\t\t<\/div>\n\t\t\t\t<div class=\"elementor-element elementor-element-2f65207 elementor-widget elementor-widget-spacer\" data-id=\"2f65207\" data-element_type=\"widget\" data-e-type=\"widget\" data-widget_type=\"spacer.default\">\n\t\t\t\t<div class=\"elementor-widget-container\">\n\t\t\t\t\t\t\t<div class=\"elementor-spacer\">\n\t\t\t<div class=\"elementor-spacer-inner\"><\/div>\n\t\t<\/div>\n\t\t\t\t\t\t<\/div>\n\t\t\t\t<\/div>\n\t\t\t\t<div class=\"elementor-element elementor-element-933d7dd elementor-widget elementor-widget-image\" data-id=\"933d7dd\" data-element_type=\"widget\" data-e-type=\"widget\" data-widget_type=\"image.default\">\n\t\t\t\t<div class=\"elementor-widget-container\">\n\t\t\t\t\t\t\t\t\t\t\t\t\t\t\t<img decoding=\"async\" width=\"1024\" height=\"683\" src=\"https:\/\/www.grigioalpina.it\/wp-content\/uploads\/2024\/06\/WEB-012-progetto_Azioni-1024x683.jpg\" class=\"attachment-large size-large wp-image-19262\" alt=\"\" srcset=\"https:\/\/www.grigioalpina.it\/wp-content\/uploads\/2024\/06\/WEB-012-progetto_Azioni-1024x683.jpg 1024w, https:\/\/www.grigioalpina.it\/wp-content\/uploads\/2024\/06\/WEB-012-progetto_Azioni-300x200.jpg 300w, https:\/\/www.grigioalpina.it\/wp-content\/uploads\/2024\/06\/WEB-012-progetto_Azioni-768x512.jpg 768w, https:\/\/www.grigioalpina.it\/wp-content\/uploads\/2024\/06\/WEB-012-progetto_Azioni.jpg 1196w\" sizes=\"(max-width: 1024px) 100vw, 1024px\" \/>\t\t\t\t\t\t\t\t\t\t\t\t\t\t\t<\/div>\n\t\t\t\t<\/div>\n\t\t\t\t\t<\/div>\n\t\t\t\t<\/div>\n\t\t<div class=\"elementor-element elementor-element-4970198 e-flex e-con-boxed e-con e-parent\" data-id=\"4970198\" data-element_type=\"container\" data-e-type=\"container\">\n\t\t\t\t\t<div class=\"e-con-inner\">\n\t\t\t\t<div class=\"elementor-element elementor-element-852de89 elementor-widget-divider--view-line elementor-widget elementor-widget-divider\" data-id=\"852de89\" data-element_type=\"widget\" data-e-type=\"widget\" data-widget_type=\"divider.default\">\n\t\t\t\t<div class=\"elementor-widget-container\">\n\t\t\t\t\t\t\t<div class=\"elementor-divider\">\n\t\t\t<span class=\"elementor-divider-separator\">\n\t\t\t\t\t\t<\/span>\n\t\t<\/div>\n\t\t\t\t\t\t<\/div>\n\t\t\t\t<\/div>\n\t\t\t\t<div class=\"elementor-element elementor-element-bac2b24 elementor-widget elementor-widget-text-editor\" data-id=\"bac2b24\" data-element_type=\"widget\" data-e-type=\"widget\" data-widget_type=\"text-editor.default\">\n\t\t\t\t<div class=\"elementor-widget-container\">\n\t\t\t\t\t\t\t\t\t<section class=\"av_textblock_section \">\n<div class=\"avia_textblock \">\n<h4><strong>Referenzstandards:&amp;nbsp;<\/strong><strong> <\/strong> <\/h4>\n<\/div>\n<\/section>\n<section class=\"av_textblock_section \">\n<div class=\"avia_textblock \">\n<p>Ministerieller Erlass vom 23\/02\/2018 Nr. 7366, um den Zuschuss f\u00fcr das Projekt DUAL BREEDING Unterma\u00dfnahme 10 zu gew\u00e4hren.<\/p>\n<\/div>\n<\/section>\n\t\t\t\t\t\t\t\t<\/div>\n\t\t\t\t<\/div>\n\t\t\t\t<div class=\"elementor-element elementor-element-d8d2dcd elementor-widget elementor-widget-button\" data-id=\"d8d2dcd\" data-element_type=\"widget\" data-e-type=\"widget\" data-widget_type=\"button.default\">\n\t\t\t\t<div class=\"elementor-widget-container\">\n\t\t\t\t\t\t\t\t\t<div class=\"elementor-button-wrapper\">\n\t\t\t\t\t<a class=\"elementor-button elementor-button-link elementor-size-sm\" href=\"https:\/\/www.politicheagricole.it\/flex\/cm\/pages\/ServeBLOB.php\/L\/IT\/IDPagina\/12256\">\n\t\t\t\t\t\t<span class=\"elementor-button-content-wrapper\">\n\t\t\t\t\t\t\t\t\t<span class=\"elementor-button-text\">zur Gesetzgebung gehen<\/span>\n\t\t\t\t\t<\/span>\n\t\t\t\t\t<\/a>\n\t\t\t\t<\/div>\n\t\t\t\t\t\t\t\t<\/div>\n\t\t\t\t<\/div>\n\t\t\t\t<div class=\"elementor-element elementor-element-d20a7b9 elementor-widget elementor-widget-spacer\" data-id=\"d20a7b9\" data-element_type=\"widget\" data-e-type=\"widget\" data-widget_type=\"spacer.default\">\n\t\t\t\t<div class=\"elementor-widget-container\">\n\t\t\t\t\t\t\t<div class=\"elementor-spacer\">\n\t\t\t<div class=\"elementor-spacer-inner\"><\/div>\n\t\t<\/div>\n\t\t\t\t\t\t<\/div>\n\t\t\t\t<\/div>\n\t\t\t\t<div class=\"elementor-element elementor-element-2084596 elementor-widget elementor-widget-text-editor\" data-id=\"2084596\" data-element_type=\"widget\" data-e-type=\"widget\" data-widget_type=\"text-editor.default\">\n\t\t\t\t<div class=\"elementor-widget-container\">\n\t\t\t\t\t\t\t\t\t<section class=\"av_textblock_section \">\n<div class=\"avia_textblock \">\n<p>Europ\u00e4ischer Rechtshinweis: Verordnung (EU) 1305\/2013. \u00fcber die F\u00f6rderung der Entwicklung des l\u00e4ndlichen Raums durch den Europ\u00e4ischen Landwirtschaftsfonds f\u00fcr die Entwicklung des l\u00e4ndlichen Raums (FEASR).<\/p>\n<\/div>\n<\/section>\n\t\t\t\t\t\t\t\t<\/div>\n\t\t\t\t<\/div>\n\t\t\t\t<div class=\"elementor-element elementor-element-e57095d elementor-widget elementor-widget-button\" data-id=\"e57095d\" data-element_type=\"widget\" data-e-type=\"widget\" data-widget_type=\"button.default\">\n\t\t\t\t<div class=\"elementor-widget-container\">\n\t\t\t\t\t\t\t\t\t<div class=\"elementor-button-wrapper\">\n\t\t\t\t\t<a class=\"elementor-button elementor-button-link elementor-size-sm\" href=\"https:\/\/eur-lex.europa.eu\/legal-content\/it\/TXT\/PDF\/?uri=CELEX:32013R1305\">\n\t\t\t\t\t\t<span class=\"elementor-button-content-wrapper\">\n\t\t\t\t\t\t\t\t\t<span class=\"elementor-button-text\">zur Gesetzgebung gehen<\/span>\n\t\t\t\t\t<\/span>\n\t\t\t\t\t<\/a>\n\t\t\t\t<\/div>\n\t\t\t\t\t\t\t\t<\/div>\n\t\t\t\t<\/div>\n\t\t\t\t<div class=\"elementor-element elementor-element-1d0e0dd elementor-widget elementor-widget-spacer\" data-id=\"1d0e0dd\" data-element_type=\"widget\" data-e-type=\"widget\" data-widget_type=\"spacer.default\">\n\t\t\t\t<div class=\"elementor-widget-container\">\n\t\t\t\t\t\t\t<div class=\"elementor-spacer\">\n\t\t\t<div class=\"elementor-spacer-inner\"><\/div>\n\t\t<\/div>\n\t\t\t\t\t\t<\/div>\n\t\t\t\t<\/div>\n\t\t\t\t\t<\/div>\n\t\t\t\t<\/div>\n\t\t<div class=\"elementor-element elementor-element-29330bf e-con-full e-flex e-con e-parent\" data-id=\"29330bf\" data-element_type=\"container\" data-e-type=\"container\">\n\t\t\t\t<\/div>\n\t\t<div class=\"elementor-element elementor-element-7f9bce9e e-con-full e-flex e-con e-parent\" data-id=\"7f9bce9e\" data-element_type=\"container\" data-e-type=\"container\">\n\t\t\t\t<div class=\"elementor-element elementor-element-4d3e63a7 elementor-widget-divider--view-line elementor-widget elementor-widget-divider\" data-id=\"4d3e63a7\" data-element_type=\"widget\" data-e-type=\"widget\" data-widget_type=\"divider.default\">\n\t\t\t\t<div class=\"elementor-widget-container\">\n\t\t\t\t\t\t\t<div class=\"elementor-divider\">\n\t\t\t<span class=\"elementor-divider-separator\">\n\t\t\t\t\t\t<\/span>\n\t\t<\/div>\n\t\t\t\t\t\t<\/div>\n\t\t\t\t<\/div>\n\t\t\t\t<\/div>\n\t\t<div class=\"elementor-element elementor-element-f7f8366 e-con-full e-flex e-con e-parent\" data-id=\"f7f8366\" data-element_type=\"container\" data-e-type=\"container\">\n\t\t<div class=\"elementor-element elementor-element-31c524b1 e-con-full e-flex e-con e-child\" data-id=\"31c524b1\" data-element_type=\"container\" data-e-type=\"container\">\n\t\t\t\t<div class=\"elementor-element elementor-element-3a244b80 elementor-widget elementor-widget-image\" data-id=\"3a244b80\" data-element_type=\"widget\" data-e-type=\"widget\" data-widget_type=\"image.default\">\n\t\t\t\t<div class=\"elementor-widget-container\">\n\t\t\t\t\t\t\t\t\t\t\t\t\t\t\t<img decoding=\"async\" src=\"https:\/\/www.grigioalpina.it\/wp-content\/uploads\/elementor\/thumbs\/UE-1-1-qokzv8rlxtqprdtwpuxjkdkys3fv2srkt8340nwstk.png\" title=\"UE-1-1\" alt=\"UE-1-1\" loading=\"lazy\" \/>\t\t\t\t\t\t\t\t\t\t\t\t\t\t\t<\/div>\n\t\t\t\t<\/div>\n\t\t\t\t<\/div>\n\t\t<div class=\"elementor-element elementor-element-5be3c1ca e-con-full e-flex e-con e-child\" data-id=\"5be3c1ca\" data-element_type=\"container\" data-e-type=\"container\">\n\t\t\t\t<div class=\"elementor-element elementor-element-17aaf8a5 elementor-widget elementor-widget-image\" data-id=\"17aaf8a5\" data-element_type=\"widget\" data-e-type=\"widget\" data-widget_type=\"image.default\">\n\t\t\t\t<div class=\"elementor-widget-container\">\n\t\t\t\t\t\t\t\t\t\t\t\t\t\t\t<img decoding=\"async\" src=\"https:\/\/www.grigioalpina.it\/wp-content\/uploads\/elementor\/thumbs\/ITALIA-1-qol000s2oia6s0w1tfa9qo6bhlw17eqggvgyuatr6w.png\" title=\"ITALIA-1\" alt=\"ITALIA-1\" loading=\"lazy\" \/>\t\t\t\t\t\t\t\t\t\t\t\t\t\t\t<\/div>\n\t\t\t\t<\/div>\n\t\t\t\t<\/div>\n\t\t<div class=\"elementor-element elementor-element-14aa03e1 e-con-full e-flex e-con e-child\" data-id=\"14aa03e1\" data-element_type=\"container\" data-e-type=\"container\">\n\t\t\t\t<div class=\"elementor-element elementor-element-55729440 elementor-widget elementor-widget-image\" data-id=\"55729440\" data-element_type=\"widget\" data-e-type=\"widget\" data-widget_type=\"image.default\">\n\t\t\t\t<div class=\"elementor-widget-container\">\n\t\t\t\t\t\t\t\t\t\t\t\t\t\t\t<img decoding=\"async\" src=\"https:\/\/www.grigioalpina.it\/wp-content\/uploads\/elementor\/thumbs\/ministero_logo_ita-qpxw35h9xwk7o5ae3egm8h5uap6bf85dk1u447hiug.png\" title=\"ministero_logo_ita\" alt=\"ministero_logo_ita\" loading=\"lazy\" \/>\t\t\t\t\t\t\t\t\t\t\t\t\t\t\t<\/div>\n\t\t\t\t<\/div>\n\t\t\t\t<\/div>\n\t\t\t\t<\/div>\n\t\t<div class=\"elementor-element elementor-element-6ae0d313 e-con-full e-flex e-con e-parent\" data-id=\"6ae0d313\" data-element_type=\"container\" data-e-type=\"container\">\n\t\t\t\t<div class=\"elementor-element elementor-element-34e4485d elementor-widget elementor-widget-spacer\" data-id=\"34e4485d\" data-element_type=\"widget\" data-e-type=\"widget\" data-widget_type=\"spacer.default\">\n\t\t\t\t<div class=\"elementor-widget-container\">\n\t\t\t\t\t\t\t<div class=\"elementor-spacer\">\n\t\t\t<div class=\"elementor-spacer-inner\"><\/div>\n\t\t<\/div>\n\t\t\t\t\t\t<\/div>\n\t\t\t\t<\/div>\n\t\t\t\t<\/div>\n\t\t<div class=\"elementor-element elementor-element-4400eb8d e-con-full e-flex e-con e-parent\" data-id=\"4400eb8d\" data-element_type=\"container\" data-e-type=\"container\">\n\t\t\t\t<div class=\"elementor-element elementor-element-3e7d6028 elementor-widget elementor-widget-text-editor\" data-id=\"3e7d6028\" data-element_type=\"widget\" data-e-type=\"widget\" data-widget_type=\"text-editor.default\">\n\t\t\t\t<div class=\"elementor-widget-container\">\n\t\t\t\t\t\t\t\t\t<p><em>Das Projekt Dual Breeding wird mit Unterst\u00fctzung des <strong><a href=\"https:\/\/agriculture.ec.europa.eu\/common-agricultural-policy\/rural-development_de\" target=\"_blank\" rel=\"noopener\">Europ\u00e4ischen Landwirtschaftsfonds f\u00fcr die Entwicklung des l\u00e4ndlichen Raums (EAFRD)<\/a><\/strong><\/em><\/p>\n\t\t\t\t\t\t\t\t<\/div>\n\t\t\t\t<\/div>\n\t\t\t\t<\/div>\n\t\t\t\t<\/div>\n\t\t","protected":false},"excerpt":{"rendered":"<p>Das Dual Breeding Projekt Die Zwei-Zweck-Rinderrassen: Ein alternatives Modell der nachhaltigen Tierhaltung Zweinutzungsrassen eignen sich besonders f\u00fcr die Zucht in Systemen mit geringer Umweltbelastung, vor allem in Gebieten, in denen&hellip;<\/p>\n","protected":false},"author":1,"featured_media":0,"parent":0,"menu_order":0,"comment_status":"closed","ping_status":"closed","template":"","meta":{"footnotes":""},"class_list":["post-18070","page","type-page","status-publish","hentry"],"_links":{"self":[{"href":"https:\/\/www.grigioalpina.it\/de\/wp-json\/wp\/v2\/pages\/18070","targetHints":{"allow":["GET"]}}],"collection":[{"href":"https:\/\/www.grigioalpina.it\/de\/wp-json\/wp\/v2\/pages"}],"about":[{"href":"https:\/\/www.grigioalpina.it\/de\/wp-json\/wp\/v2\/types\/page"}],"author":[{"embeddable":true,"href":"https:\/\/www.grigioalpina.it\/de\/wp-json\/wp\/v2\/users\/1"}],"replies":[{"embeddable":true,"href":"https:\/\/www.grigioalpina.it\/de\/wp-json\/wp\/v2\/comments?post=18070"}],"version-history":[{"count":5,"href":"https:\/\/www.grigioalpina.it\/de\/wp-json\/wp\/v2\/pages\/18070\/revisions"}],"predecessor-version":[{"id":19283,"href":"https:\/\/www.grigioalpina.it\/de\/wp-json\/wp\/v2\/pages\/18070\/revisions\/19283"}],"wp:attachment":[{"href":"https:\/\/www.grigioalpina.it\/de\/wp-json\/wp\/v2\/media?parent=18070"}],"curies":[{"name":"wp","href":"https:\/\/api.w.org\/{rel}","templated":true}]}}