{"id":19241,"date":"2024-05-07T08:53:24","date_gmt":"2024-05-07T06:53:24","guid":{"rendered":"https:\/\/www.grigioalpina.it\/grauviehrasse-auswahlprogramm-und-ziele\/"},"modified":"2024-06-25T11:12:46","modified_gmt":"2024-06-25T09:12:46","slug":"grauviehrasse-auswahlprogramm-und-ziele","status":"publish","type":"page","link":"https:\/\/www.grigioalpina.it\/de\/grauviehrasse-auswahlprogramm-und-ziele\/","title":{"rendered":"Grauviehrasse Auswahlprogramm und Ziele"},"content":{"rendered":"\t\t<div data-elementor-type=\"wp-page\" data-elementor-id=\"19241\" class=\"elementor elementor-19241 elementor-32\" data-elementor-post-type=\"page\">\n\t\t\t\t<div class=\"elementor-element elementor-element-523a986 e-grid e-con-boxed e-con e-parent\" data-id=\"523a986\" data-element_type=\"container\" data-e-type=\"container\" data-settings=\"{&quot;background_background&quot;:&quot;gradient&quot;}\">\n\t\t\t\t\t<div class=\"e-con-inner\">\n\t\t<div class=\"elementor-element elementor-element-c6c63e5 e-flex e-con-boxed e-con e-child\" data-id=\"c6c63e5\" data-element_type=\"container\" data-e-type=\"container\">\n\t\t\t\t\t<div class=\"e-con-inner\">\n\t\t\t\t<div class=\"elementor-element elementor-element-fa19d6f elementor-widget elementor-widget-spacer\" data-id=\"fa19d6f\" data-element_type=\"widget\" data-e-type=\"widget\" data-widget_type=\"spacer.default\">\n\t\t\t\t<div class=\"elementor-widget-container\">\n\t\t\t\t\t\t\t<div class=\"elementor-spacer\">\n\t\t\t<div class=\"elementor-spacer-inner\"><\/div>\n\t\t<\/div>\n\t\t\t\t\t\t<\/div>\n\t\t\t\t<\/div>\n\t\t\t\t<div class=\"elementor-element elementor-element-23ccb7a elementor-widget elementor-widget-heading\" data-id=\"23ccb7a\" data-element_type=\"widget\" data-e-type=\"widget\" data-widget_type=\"heading.default\">\n\t\t\t\t<div class=\"elementor-widget-container\">\n\t\t\t\t\t<h2 class=\"elementor-heading-title elementor-size-default\">Zielsetzung und Auswahlprogramm - Grauviehrasse<\/h2>\t\t\t\t<\/div>\n\t\t\t\t<\/div>\n\t\t\t\t<div class=\"elementor-element elementor-element-558e342 elementor-widget elementor-widget-spacer\" data-id=\"558e342\" data-element_type=\"widget\" data-e-type=\"widget\" data-widget_type=\"spacer.default\">\n\t\t\t\t<div class=\"elementor-widget-container\">\n\t\t\t\t\t\t\t<div class=\"elementor-spacer\">\n\t\t\t<div class=\"elementor-spacer-inner\"><\/div>\n\t\t<\/div>\n\t\t\t\t\t\t<\/div>\n\t\t\t\t<\/div>\n\t\t\t\t<div class=\"elementor-element elementor-element-a25d006 elementor-widget elementor-widget-text-editor\" data-id=\"a25d006\" data-element_type=\"widget\" data-e-type=\"widget\" data-widget_type=\"text-editor.default\">\n\t\t\t\t<div class=\"elementor-widget-container\">\n\t\t\t\t\t\t\t\t\t<p><strong>Zuchtziele<\/strong><br \/>Ziel des <em>genetischen Programms <\/em> ist es, die Rasse in ihrer Einzigartigkeit zu erhalten und zu sch\u00fctzen sowie die Produktionsleistung der Tiere zu verbessern. Dabei wird sowohl die F\u00f6rderung der biologischen Vielfalt ber\u00fccksichtigt als auch eine erh\u00f6hte Nachhaltigkeit der Produktion durch Reduzierung der Umweltauswirkungen angestrebt. Die Erhaltung und Sicherung ihres urspr\u00fcnglichen genetischen Erbgutes erfolgt durch die Bewahrung der genetischen Variabilit\u00e4t. Dadurch sollen Eigenschaften wie Robustheit und Weidet\u00fcchtigkeit, die die Rasse auszeichnen, erhalten bleiben und es ihr erm\u00f6glichen, die nat\u00fcrlichen Futterressourcen auch in ung\u00fcnstigeren Gebieten zu nutzen. Das Zuchtziel dieser Rasse ist die Zweinutzung mit gleichzeitiger Optimierung der Milch- und Fleischproduktion. Zus\u00e4tzliche Selektionsziele umfassen die Zucht folgender funktionaler Merkmale: Langlebigkeit, Fruchtbarkeit, Melkbarkeit, Krankheitsresistenz und Leichtkalbigkeit.<\/p>\n\t\t\t\t\t\t\t\t<\/div>\n\t\t\t\t<\/div>\n\t\t\t\t<div class=\"elementor-element elementor-element-9336366 elementor-widget elementor-widget-spacer\" data-id=\"9336366\" data-element_type=\"widget\" data-e-type=\"widget\" data-widget_type=\"spacer.default\">\n\t\t\t\t<div class=\"elementor-widget-container\">\n\t\t\t\t\t\t\t<div class=\"elementor-spacer\">\n\t\t\t<div class=\"elementor-spacer-inner\"><\/div>\n\t\t<\/div>\n\t\t\t\t\t\t<\/div>\n\t\t\t\t<\/div>\n\t\t\t\t\t<\/div>\n\t\t\t\t<\/div>\n\t\t\t\t\t<\/div>\n\t\t\t\t<\/div>\n\t\t<div class=\"elementor-element elementor-element-092bca1 e-grid e-con-boxed e-con e-parent\" data-id=\"092bca1\" data-element_type=\"container\" data-e-type=\"container\" data-settings=\"{&quot;shape_divider_top&quot;:&quot;triangle&quot;}\">\n\t\t\t\t\t<div class=\"e-con-inner\">\n\t\t\t\t<div class=\"elementor-shape elementor-shape-top\" aria-hidden=\"true\" data-negative=\"false\">\n\t\t\t<svg xmlns=\"http:\/\/www.w3.org\/2000\/svg\" viewBox=\"0 0 1000 100\" preserveAspectRatio=\"none\">\n\t<path class=\"elementor-shape-fill\" d=\"M500,98.9L0,6.1V0h1000v6.1L500,98.9z\"\/>\n<\/svg>\t\t<\/div>\n\t\t<div class=\"elementor-element elementor-element-2de9baf e-flex e-con-boxed e-con e-child\" data-id=\"2de9baf\" data-element_type=\"container\" data-e-type=\"container\">\n\t\t\t\t\t<div class=\"e-con-inner\">\n\t\t\t\t<div class=\"elementor-element elementor-element-9b927d1 elementor-widget elementor-widget-spacer\" data-id=\"9b927d1\" data-element_type=\"widget\" data-e-type=\"widget\" data-widget_type=\"spacer.default\">\n\t\t\t\t<div class=\"elementor-widget-container\">\n\t\t\t\t\t\t\t<div class=\"elementor-spacer\">\n\t\t\t<div class=\"elementor-spacer-inner\"><\/div>\n\t\t<\/div>\n\t\t\t\t\t\t<\/div>\n\t\t\t\t<\/div>\n\t\t\t\t<div class=\"elementor-element elementor-element-e082a47 elementor-widget elementor-widget-image-carousel\" data-id=\"e082a47\" data-element_type=\"widget\" data-e-type=\"widget\" data-settings=\"{&quot;slides_to_show&quot;:&quot;1&quot;,&quot;navigation&quot;:&quot;none&quot;,&quot;autoplay_speed&quot;:4000,&quot;effect&quot;:&quot;fade&quot;,&quot;speed&quot;:1000,&quot;autoplay&quot;:&quot;yes&quot;,&quot;pause_on_hover&quot;:&quot;yes&quot;,&quot;pause_on_interaction&quot;:&quot;yes&quot;,&quot;infinite&quot;:&quot;yes&quot;}\" data-widget_type=\"image-carousel.default\">\n\t\t\t\t<div class=\"elementor-widget-container\">\n\t\t\t\t\t\t\t<div class=\"elementor-image-carousel-wrapper swiper\" role=\"region\" aria-roledescription=\"carousel\" aria-label=\"Bild Karussell\" dir=\"rtl\">\n\t\t\t<div class=\"elementor-image-carousel swiper-wrapper\" aria-live=\"off\">\n\t\t\t\t\t\t\t\t<div class=\"swiper-slide\" role=\"group\" aria-roledescription=\"slide\" aria-label=\"1 von 3\"><figure class=\"swiper-slide-inner\"><img decoding=\"async\" class=\"swiper-slide-image\" src=\"https:\/\/www.grigioalpina.it\/wp-content\/uploads\/2015\/10\/1-IMG_6825.jpg\" alt=\"\" \/><\/figure><\/div><div class=\"swiper-slide\" role=\"group\" aria-roledescription=\"slide\" aria-label=\"2 von 3\"><figure class=\"swiper-slide-inner\"><img decoding=\"async\" class=\"swiper-slide-image\" src=\"https:\/\/www.grigioalpina.it\/wp-content\/uploads\/2015\/10\/IMG_6828.jpg\" alt=\"IMG_6828.jpg\" \/><\/figure><\/div><div class=\"swiper-slide\" role=\"group\" aria-roledescription=\"slide\" aria-label=\"3 von 3\"><figure class=\"swiper-slide-inner\"><img decoding=\"async\" class=\"swiper-slide-image\" src=\"https:\/\/www.grigioalpina.it\/wp-content\/uploads\/2015\/10\/pagina-5-IMG_6831.jpg\" alt=\"\" \/><\/figure><\/div>\t\t\t<\/div>\n\t\t\t\t\t\t\t\n\t\t\t\t\t\t\t\t\t<\/div>\n\t\t\t\t\t\t<\/div>\n\t\t\t\t<\/div>\n\t\t\t\t\t<\/div>\n\t\t\t\t<\/div>\n\t\t<div class=\"elementor-element elementor-element-a04c1a8 e-flex e-con-boxed e-con e-child\" data-id=\"a04c1a8\" data-element_type=\"container\" data-e-type=\"container\">\n\t\t\t\t\t<div class=\"e-con-inner\">\n\t\t\t\t<div class=\"elementor-element elementor-element-f7f3d8b elementor-widget elementor-widget-text-editor\" data-id=\"f7f3d8b\" data-element_type=\"widget\" data-e-type=\"widget\" data-widget_type=\"text-editor.default\">\n\t\t\t\t<div class=\"elementor-widget-container\">\n\t\t\t\t\t\t\t\t\t<\/p>\n<p><b>Zuchtprogramm<\/b><br \/>Die <em>Grauviehrasse<\/em> wird ohne Fremdblutzufuhr auf Reinzuchtbasis gez\u00fcchtet. . Die Selektion erfolgt nach dem klassischen Zuchtprogramm f\u00fcr Zweinutzungsrassen f\u00fcr Milch und Fleisch, welches die Verbesserung der nachfolgenden Tiergenerationen zum Ziel hat. Im Wesentlichen geht es dabei um die Auswahl der Stierk\u00e4lber aus den Anpaarungen der besten Muttertiere mit den besten Vatertieren, die Nachzucht der Jungstiere in einer Aufzuchtstation mit Eigenleistungspr\u00fcfung (performance Test) und die Nachkommenschaftspr\u00fcfung f\u00fcr die Milchleistung und der Formmerkmale (progeny test) \u00fcber die k\u00fcnstliche Besamung mit Spermar\u00fccklagen bis hin zum Ausfindigmachen positiv gepr\u00fcfter Stiere und deren Einsatz auf breiter Zuchtbasis. Die Durchf\u00fchrung des Zuchtprogramms mit den vielf\u00e4ltigen Zuchtma\u00dfnahmen erfolgt nach den Richtlinien des Zuchtreglements und den Beschl\u00fcssen der Technischen Kommission.<\/p><\/p>\n\t\t\t\t\t\t\t\t<\/div>\n\t\t\t\t<\/div>\n\t\t\t\t\t<\/div>\n\t\t\t\t<\/div>\n\t\t\t\t\t<\/div>\n\t\t\t\t<\/div>\n\t\t<div class=\"elementor-element elementor-element-0b65efb e-flex e-con-boxed e-con e-parent\" data-id=\"0b65efb\" data-element_type=\"container\" data-e-type=\"container\">\n\t\t\t\t\t<div class=\"e-con-inner\">\n\t\t\t\t<div class=\"elementor-element elementor-element-88eafc9 elementor-widget elementor-widget-spacer\" data-id=\"88eafc9\" data-element_type=\"widget\" data-e-type=\"widget\" data-widget_type=\"spacer.default\">\n\t\t\t\t<div class=\"elementor-widget-container\">\n\t\t\t\t\t\t\t<div class=\"elementor-spacer\">\n\t\t\t<div class=\"elementor-spacer-inner\"><\/div>\n\t\t<\/div>\n\t\t\t\t\t\t<\/div>\n\t\t\t\t<\/div>\n\t\t\t\t\t<\/div>\n\t\t\t\t<\/div>\n\t\t\t\t<\/div>\n\t\t","protected":false},"excerpt":{"rendered":"<p>Zielsetzung und Auswahlprogramm &#8211; Grauviehrasse ZuchtzieleZiel des genetischen Programms ist es, die Rasse in ihrer Einzigartigkeit zu erhalten und zu sch\u00fctzen sowie die Produktionsleistung der Tiere zu verbessern. Dabei wird&hellip;<\/p>\n","protected":false},"author":1,"featured_media":0,"parent":0,"menu_order":0,"comment_status":"closed","ping_status":"closed","template":"","meta":{"footnotes":""},"class_list":["post-19241","page","type-page","status-publish","hentry"],"_links":{"self":[{"href":"https:\/\/www.grigioalpina.it\/de\/wp-json\/wp\/v2\/pages\/19241","targetHints":{"allow":["GET"]}}],"collection":[{"href":"https:\/\/www.grigioalpina.it\/de\/wp-json\/wp\/v2\/pages"}],"about":[{"href":"https:\/\/www.grigioalpina.it\/de\/wp-json\/wp\/v2\/types\/page"}],"author":[{"embeddable":true,"href":"https:\/\/www.grigioalpina.it\/de\/wp-json\/wp\/v2\/users\/1"}],"replies":[{"embeddable":true,"href":"https:\/\/www.grigioalpina.it\/de\/wp-json\/wp\/v2\/comments?post=19241"}],"version-history":[{"count":1,"href":"https:\/\/www.grigioalpina.it\/de\/wp-json\/wp\/v2\/pages\/19241\/revisions"}],"predecessor-version":[{"id":19242,"href":"https:\/\/www.grigioalpina.it\/de\/wp-json\/wp\/v2\/pages\/19241\/revisions\/19242"}],"wp:attachment":[{"href":"https:\/\/www.grigioalpina.it\/de\/wp-json\/wp\/v2\/media?parent=19241"}],"curies":[{"name":"wp","href":"https:\/\/api.w.org\/{rel}","templated":true}]}}