{"id":19284,"date":"2024-06-21T13:58:42","date_gmt":"2024-06-21T11:58:42","guid":{"rendered":"https:\/\/www.grigioalpina.it\/die-finanzierung-des-projekts-dual-breeding\/"},"modified":"2024-06-25T14:04:31","modified_gmt":"2024-06-25T12:04:31","slug":"die-finanzierung-des-projekts-dual-breeding","status":"publish","type":"page","link":"https:\/\/www.grigioalpina.it\/de\/die-finanzierung-des-projekts-dual-breeding\/","title":{"rendered":"Die Finanzierung des Projekts Dual Breeding"},"content":{"rendered":"\t\t<div data-elementor-type=\"wp-page\" data-elementor-id=\"19284\" class=\"elementor elementor-19284 elementor-18919\" data-elementor-post-type=\"page\">\n\t\t\t\t<div class=\"elementor-element elementor-element-c3595b3 e-flex e-con-boxed e-con e-parent\" data-id=\"c3595b3\" data-element_type=\"container\" data-e-type=\"container\">\n\t\t\t\t\t<div class=\"e-con-inner\">\n\t\t\t\t<div class=\"elementor-element elementor-element-2fa53b1e elementor-widget elementor-widget-image\" data-id=\"2fa53b1e\" data-element_type=\"widget\" data-e-type=\"widget\" data-widget_type=\"image.default\">\n\t\t\t\t<div class=\"elementor-widget-container\">\n\t\t\t\t\t\t\t\t\t\t\t\t\t\t\t\t<a href=\"http:\/\/www.dualbreeding.com\/it\/\">\n\t\t\t\t\t\t\t<img fetchpriority=\"high\" decoding=\"async\" width=\"308\" height=\"230\" src=\"https:\/\/www.grigioalpina.it\/wp-content\/uploads\/2024\/05\/dualbreeding.png\" class=\"attachment-large size-large wp-image-16556\" alt=\"\" srcset=\"https:\/\/www.grigioalpina.it\/wp-content\/uploads\/2024\/05\/dualbreeding.png 308w, https:\/\/www.grigioalpina.it\/wp-content\/uploads\/2024\/05\/dualbreeding-300x224.png 300w\" sizes=\"(max-width: 308px) 100vw, 308px\" \/>\t\t\t\t\t\t\t\t<\/a>\n\t\t\t\t\t\t\t\t\t\t\t\t\t\t\t<\/div>\n\t\t\t\t<\/div>\n\t\t\t\t<div class=\"elementor-element elementor-element-5206db3 elementor-widget elementor-widget-spacer\" data-id=\"5206db3\" data-element_type=\"widget\" data-e-type=\"widget\" data-widget_type=\"spacer.default\">\n\t\t\t\t<div class=\"elementor-widget-container\">\n\t\t\t\t\t\t\t<div class=\"elementor-spacer\">\n\t\t\t<div class=\"elementor-spacer-inner\"><\/div>\n\t\t<\/div>\n\t\t\t\t\t\t<\/div>\n\t\t\t\t<\/div>\n\t\t\t\t<div class=\"elementor-element elementor-element-4869ef9 elementor-widget elementor-widget-heading\" data-id=\"4869ef9\" data-element_type=\"widget\" data-e-type=\"widget\" data-widget_type=\"heading.default\">\n\t\t\t\t<div class=\"elementor-widget-container\">\n\t\t\t\t\t<h2 class=\"elementor-heading-title elementor-size-default\">Das Projekt<\/h2>\t\t\t\t<\/div>\n\t\t\t\t<\/div>\n\t\t\t\t<div class=\"elementor-element elementor-element-34b432c4 elementor-widget elementor-widget-spacer\" data-id=\"34b432c4\" data-element_type=\"widget\" data-e-type=\"widget\" data-widget_type=\"spacer.default\">\n\t\t\t\t<div class=\"elementor-widget-container\">\n\t\t\t\t\t\t\t<div class=\"elementor-spacer\">\n\t\t\t<div class=\"elementor-spacer-inner\"><\/div>\n\t\t<\/div>\n\t\t\t\t\t\t<\/div>\n\t\t\t\t<\/div>\n\t\t\t\t<div class=\"elementor-element elementor-element-11fcc104 elementor-widget elementor-widget-text-editor\" data-id=\"11fcc104\" data-element_type=\"widget\" data-e-type=\"widget\" data-widget_type=\"text-editor.default\">\n\t\t\t\t<div class=\"elementor-widget-container\">\n\t\t\t\t\t\t\t\t\t<p><b>F\u00fcr die Bereitstellung von Informationen verantwortliche Stelle:<\/b> Nationaler Verband der Alpengrauviehz\u00fcchter<br><b>Ma\u00dfnahme und Ma\u00dfnahme:<\/b> Unterma\u00dfnahme 10.2 Unterst\u00fctzung der Erhaltung, Nutzung und nachhaltigen Entwicklung genetischer Ressourcen in der Landwirtschaft. Charakterisierung von tiergenetischen Ressourcen von Interesse f\u00fcr die Viehzucht und Erhaltung der biologischen Vielfalt.<br><b>Projekttitel und -beschreibung:<\/b> &#8222;DUAL BREEDING&#8220; &#8211; Doppelnutzungsrassen f\u00fcr Rinder: ein alternatives Modell f\u00fcr eine \u00f6kologisch nachhaltige Tierhaltung. <br>Verwaltungsbeh\u00f6rde: Generaldirektion f\u00fcr l\u00e4ndliche Entwicklung des Ministeriums f\u00fcr Landwirtschaft, Ern\u00e4hrung, Forstwirtschaft und Tourismus.<br>Unterst\u00fctzung: ELER Europ\u00e4ischer Landwirtschaftsfonds f\u00fcr die Entwicklung des l\u00e4ndlichen Raums &#8218;Europa investiert in l\u00e4ndliche Gebiete <br>Finanzierung insgesamt: \u20ac 7.920.298,79<br><b><br>ANAPRI &#8211; Finanzierung 3.429.813,32 \u20ac<\/b>Cup: J21J18000010005<b><\/b><br>Associazione Nazionale Allevatori Bovini di razza Pezzata Rossa Italiana (Nationaler Verband der Rinderz\u00fcchter der italienischen Rasse Pezzata Rossa)<\/p>\n<p><b>ANARE &#8211; Finanzierung \u20ac 795.331,81<br><\/b>Nationaler Verband der Rinderz\u00fcchter von Rendena<br>Becher: J61J18000030005<\/p>\n<p><b><br>ANAGA &#8211; Finanzierung \u20ac 888.741,68<\/b>Nationale Vereinigung der Grauviehz\u00fcchter<b><\/b><br>Becher: J51J1800005<\/p>\n<p><b><br>ANABORAVA &#8211; Finanzierung \u20ac 1.716.501,83<\/b>Nationaler Verband der Rinderz\u00fcchter der Valdostana-Rasse<b><\/b><br>Becher: J71J18000020005<\/p>\n<p><b><br>ANABORARE &#8211; Finanzierung \u20ac 1.089.910,16<\/b>Nationaler Verband der Rinderz\u00fcchter der Rasse Reggiana<b><\/b><br>Becher: J81J18000030005<\/p>\t\t\t\t\t\t\t\t<\/div>\n\t\t\t\t<\/div>\n\t\t\t\t<div class=\"elementor-element elementor-element-2f5c1e1 elementor-widget elementor-widget-spacer\" data-id=\"2f5c1e1\" data-element_type=\"widget\" data-e-type=\"widget\" data-widget_type=\"spacer.default\">\n\t\t\t\t<div class=\"elementor-widget-container\">\n\t\t\t\t\t\t\t<div class=\"elementor-spacer\">\n\t\t\t<div class=\"elementor-spacer-inner\"><\/div>\n\t\t<\/div>\n\t\t\t\t\t\t<\/div>\n\t\t\t\t<\/div>\n\t\t\t\t<div class=\"elementor-element elementor-element-dce4fdb elementor-widget elementor-widget-spacer\" data-id=\"dce4fdb\" data-element_type=\"widget\" data-e-type=\"widget\" data-widget_type=\"spacer.default\">\n\t\t\t\t<div class=\"elementor-widget-container\">\n\t\t\t\t\t\t\t<div class=\"elementor-spacer\">\n\t\t\t<div class=\"elementor-spacer-inner\"><\/div>\n\t\t<\/div>\n\t\t\t\t\t\t<\/div>\n\t\t\t\t<\/div>\n\t\t\t\t<div class=\"elementor-element elementor-element-082d85b elementor-widget elementor-widget-heading\" data-id=\"082d85b\" data-element_type=\"widget\" data-e-type=\"widget\" data-widget_type=\"heading.default\">\n\t\t\t\t<div class=\"elementor-widget-container\">\n\t\t\t\t\t<h2 class=\"elementor-heading-title elementor-size-default\">Die Projektphase 2<\/h2>\t\t\t\t<\/div>\n\t\t\t\t<\/div>\n\t\t\t\t<div class=\"elementor-element elementor-element-c3b168a elementor-widget elementor-widget-spacer\" data-id=\"c3b168a\" data-element_type=\"widget\" data-e-type=\"widget\" data-widget_type=\"spacer.default\">\n\t\t\t\t<div class=\"elementor-widget-container\">\n\t\t\t\t\t\t\t<div class=\"elementor-spacer\">\n\t\t\t<div class=\"elementor-spacer-inner\"><\/div>\n\t\t<\/div>\n\t\t\t\t\t\t<\/div>\n\t\t\t\t<\/div>\n\t\t\t\t<div class=\"elementor-element elementor-element-400563c elementor-widget elementor-widget-text-editor\" data-id=\"400563c\" data-element_type=\"widget\" data-e-type=\"widget\" data-widget_type=\"text-editor.default\">\n\t\t\t\t<div class=\"elementor-widget-container\">\n\t\t\t\t\t\t\t\t\t<p><strong>F\u00fcr die Information verantwortliche Stelle<\/strong>: Nationale Vereinigung der Z\u00fcchter von Alpinen Grauvieh<\/p>\n<p><strong>Ma\u00dfnahme und Ma\u00dfnahme:<\/strong> Unterma\u00dfnahme 10.2 Unterst\u00fctzung der Erhaltung, Nutzung und nachhaltigen Entwicklung genetischer Ressourcen in der Landwirtschaft. Charakterisierung von tiergenetischen Ressourcen von Interesse f\u00fcr die Viehzucht und Erhaltung der biologischen Vielfalt.<\/p>\n<p><strong>Projekttitel und -beschreibung:<\/strong> &#8218;DUAL BREEDING PHASE 2 &#8211; Zweinutzungsrinder: Wie man umwelt- und tierfreundlich produziert &#8211; DBP2&#8216;.<\/p>\n<p><strong>Verwaltungsbeh\u00f6rde<\/strong>: Generaldirektion f\u00fcr l\u00e4ndliche Entwicklung des Ministeriums f\u00fcr Landwirtschaft, Ern\u00e4hrung, Forstwirtschaft und Tourismus.<\/p>\n<p><strong>Unterst\u00fctzung<\/strong>: <a href=\"https:\/\/agriculture.ec.europa.eu\/common-agricultural-policy\/rural-development_de\">ELER Europ\u00e4ischer Landwirtschaftsfonds f\u00fcr die Entwicklung des l\u00e4ndlichen Raums &#8218;Europa investiert in l\u00e4ndliche Gebiete<\/a><\/p>\n<p><strong>Finanzierung insgesamt:<\/strong> \u20ac 8.980.676,95<\/p>\n<p><strong>ANAPRI &#8211; Finanzierung <\/strong>\u20ac 3.562.312,66<\/p>\n<p>Becher: J22C21000670005<\/p>\n<p>Associazione Nazionale Allevatori Bovini di razza Pezzata Rossa Italiana (Nationaler Verband der Rinderz\u00fcchter der italienischen Rasse Pezzata Rossa)<\/p>\n<p><strong>ANARE &#8211; Finanzierung <\/strong>\u20ac 1.040.008,04<\/p>\n<p>Nationale Vereinigung der Rendena-Rinderz\u00fcchter<\/p>\n<p>Becher: J62C21000570005<\/p>\n<p><strong>ANAGA &#8211; Finanzierung <\/strong>\u20ac 1.289.827,76<\/p>\n<p>Nationale Vereinigung der Alpinen Grauviehz\u00fcchter<\/p>\n<p>Becher: J52C21000570005<\/p>\n<p><strong>ANABORAVA &#8211; Finanzierung <\/strong>\u20ac 1.808.802,35<\/p>\n<p>Nationale Vereinigung von Valdostana-Rinderz\u00fcchtern<\/p>\n<p>Becher: J72C21000650005<\/p>\n<p><strong>ANABORARE &#8211; Finanzierung <\/strong>\u20ac 1.279.726,15<\/p>\n<p>Nationale Vereinigung von Rinderz\u00fcchtern der Rasse Reggiana<\/p>\n<p>Becher: J82C21000750005<\/p>\n\t\t\t\t\t\t\t\t<\/div>\n\t\t\t\t<\/div>\n\t\t\t\t<div class=\"elementor-element elementor-element-cfd88b4 elementor-widget elementor-widget-spacer\" data-id=\"cfd88b4\" data-element_type=\"widget\" data-e-type=\"widget\" data-widget_type=\"spacer.default\">\n\t\t\t\t<div class=\"elementor-widget-container\">\n\t\t\t\t\t\t\t<div class=\"elementor-spacer\">\n\t\t\t<div class=\"elementor-spacer-inner\"><\/div>\n\t\t<\/div>\n\t\t\t\t\t\t<\/div>\n\t\t\t\t<\/div>\n\t\t\t\t\t<\/div>\n\t\t\t\t<\/div>\n\t\t\t\t<\/div>\n\t\t","protected":false},"excerpt":{"rendered":"<p>Das Projekt F\u00fcr die Bereitstellung von Informationen verantwortliche Stelle: Nationaler Verband der Alpengrauviehz\u00fcchterMa\u00dfnahme und Ma\u00dfnahme: Unterma\u00dfnahme 10.2 Unterst\u00fctzung der Erhaltung, Nutzung und nachhaltigen Entwicklung genetischer Ressourcen in der Landwirtschaft. Charakterisierung&hellip;<\/p>\n","protected":false},"author":1,"featured_media":0,"parent":0,"menu_order":0,"comment_status":"closed","ping_status":"closed","template":"","meta":{"footnotes":""},"class_list":["post-19284","page","type-page","status-publish","hentry"],"_links":{"self":[{"href":"https:\/\/www.grigioalpina.it\/de\/wp-json\/wp\/v2\/pages\/19284","targetHints":{"allow":["GET"]}}],"collection":[{"href":"https:\/\/www.grigioalpina.it\/de\/wp-json\/wp\/v2\/pages"}],"about":[{"href":"https:\/\/www.grigioalpina.it\/de\/wp-json\/wp\/v2\/types\/page"}],"author":[{"embeddable":true,"href":"https:\/\/www.grigioalpina.it\/de\/wp-json\/wp\/v2\/users\/1"}],"replies":[{"embeddable":true,"href":"https:\/\/www.grigioalpina.it\/de\/wp-json\/wp\/v2\/comments?post=19284"}],"version-history":[{"count":2,"href":"https:\/\/www.grigioalpina.it\/de\/wp-json\/wp\/v2\/pages\/19284\/revisions"}],"predecessor-version":[{"id":19291,"href":"https:\/\/www.grigioalpina.it\/de\/wp-json\/wp\/v2\/pages\/19284\/revisions\/19291"}],"wp:attachment":[{"href":"https:\/\/www.grigioalpina.it\/de\/wp-json\/wp\/v2\/media?parent=19284"}],"curies":[{"name":"wp","href":"https:\/\/api.w.org\/{rel}","templated":true}]}}